{"id":616,"date":"2022-03-27T08:37:58","date_gmt":"2022-03-27T08:37:58","guid":{"rendered":"https:\/\/www.mtpartners.vn\/dich-vu-phap-ly-khac\/"},"modified":"2022-06-03T03:44:45","modified_gmt":"2022-06-03T03:44:45","slug":"dich-vu-phap-ly-khac","status":"publish","type":"page","link":"https:\/\/www.mtpartners.vn\/zh-hans\/dich-vu-phap-ly-khac\/","title":{"rendered":"\u5176\u4ed6\u670d\u52a1 (D\u1ecbch v\u1ee5 ph\u00e1p l\u00fd kh\u00e1c)"},"content":{"rendered":"","protected":false},"excerpt":{"rendered":"","protected":false},"author":1,"featured_media":0,"parent":0,"menu_order":0,"comment_status":"closed","ping_status":"closed","template":"tpl-services-2\/tpl-services-2.php","meta":{"footnotes":""},"class_list":["post-616","page","type-page","status-publish","hentry"],"_links":{"self":[{"href":"https:\/\/www.mtpartners.vn\/zh-hans\/wp-json\/wp\/v2\/pages\/616","targetHints":{"allow":["GET"]}}],"collection":[{"href":"https:\/\/www.mtpartners.vn\/zh-hans\/wp-json\/wp\/v2\/pages"}],"about":[{"href":"https:\/\/www.mtpartners.vn\/zh-hans\/wp-json\/wp\/v2\/types\/page"}],"author":[{"embeddable":true,"href":"https:\/\/www.mtpartners.vn\/zh-hans\/wp-json\/wp\/v2\/users\/1"}],"replies":[{"embeddable":true,"href":"https:\/\/www.mtpartners.vn\/zh-hans\/wp-json\/wp\/v2\/comments?post=616"}],"version-history":[{"count":2,"href":"https:\/\/www.mtpartners.vn\/zh-hans\/wp-json\/wp\/v2\/pages\/616\/revisions"}],"predecessor-version":[{"id":625,"href":"https:\/\/www.mtpartners.vn\/zh-hans\/wp-json\/wp\/v2\/pages\/616\/revisions\/625"}],"wp:attachment":[{"href":"https:\/\/www.mtpartners.vn\/zh-hans\/wp-json\/wp\/v2\/media?parent=616"}],"curies":[{"name":"wp","href":"https:\/\/api.w.org\/{rel}","templated":true}]}}