{"id":607,"date":"2022-03-27T08:40:51","date_gmt":"2022-03-27T08:40:51","guid":{"rendered":"https:\/\/www.mtpartners.vn\/nghe-nghiep\/"},"modified":"2022-04-15T03:57:05","modified_gmt":"2022-04-15T03:57:05","slug":"tuyen-dung","status":"publish","type":"page","link":"https:\/\/www.mtpartners.vn\/zh-hans\/tuyen-dung\/","title":{"rendered":"\u62db\u8058 (TD)"},"content":{"rendered":"<p>\u0110\u1ecaA \u0110I\u1ec2M: T\u1ea7ng 3, T\u00f2a nh\u00e0 WMC, 102A-B-C C\u1ed1ng Qu\u1ef3nh, P. Ph\u1ea1m Ng\u0169 L\u00e3o, Q.1, Tp. HCM.<\/p>\n<p>H\u00ccNH TH\u1ee8C: B\u00e1n th\u1eddi gian.<\/p>\n<p>S\u1ed0 L\u01af\u1ee2NG: 06.<\/p>\n<p>QUY\u1ec0N L\u1ee2I KHI \u0110\u01af\u1ee2C TUY\u1ec2N D\u1ee4NG<\/p>\n<p>\u2013 C\u00f3 \u0111i\u1ec1u ki\u1ec7n ti\u1ebfp x\u00fac v\u00e0 l\u00e0m quen v\u1edbi m\u00f4i tr\u01b0\u1eddng ph\u00e1p l\u00fd.<\/p>\n<p>\u2013 C\u00f3 \u0111i\u1ec1u ki\u1ec7n h\u1ecdc h\u1ecfi kinh nghi\u1ec7m v\u00e0 k\u1ef9 n\u0103ng h\u00e0nh ngh\u1ec1 t\u1eeb c\u00e1c Lu\u1eadt s\u01b0 c\u00f3 nhi\u1ec1u n\u0103m kinh nghi\u1ec7m tr\u00ean c\u00e1c l\u0129nh v\u1ef1c: Doanh nghi\u1ec7p, \u0111\u1ea7u t\u01b0, nh\u00e0 \u0111\u1ea5t, t\u1ed1 t\u1ee5ng\u2026<\/p>\n<p>\u2013 C\u00f3 c\u01a1 h\u1ed9i tham gia c\u00e1c l\u1edbp \u0111\u00e0o t\u1ea1o k\u1ef9 n\u0103ng m\u1ec1m, ki\u1ebfn th\u1ee9c ph\u00e1p lu\u1eadt do C\u00f4ng ty t\u1ed5 ch\u1ee9c.<\/p>\n<p>\u2013 C\u00f3 \u0111i\u1ec1u ki\u1ec7n ti\u1ebfp x\u00fac tr\u1ef1c ti\u1ebfp v\u1edbi Kh\u00e1ch h\u00e0ng l\u00e0 nh\u1eefng Doanh nghi\u1ec7p trong v\u00e0 ngo\u00e0i n\u01b0\u1edbc.<\/p>\n<p>\u2013 Tham gia nghi\u00ean c\u1ee9u, s\u1eafp x\u1ebfp h\u1ed3 s\u01a1, th\u1ef1c hi\u1ec7n c\u00f4ng vi\u1ec7c d\u01b0\u1edbi s\u1ef1 h\u01b0\u1edbng d\u1eabn c\u1ee7a c\u00e1c T\u1eadp s\u1ef1 Lu\u1eadt s\u01b0 v\u00e0 Lu\u1eadt s\u01b0 c\u1ee7a C\u00f4ng ty.<\/p>\n<p>\u2013 \u0110\u01b0\u1ee3c \u01b0u ti\u00ean xem x\u00e9t tr\u1edf th\u00e0nh Nh\u00e2n vi\u00ean, h\u01b0\u1edbng d\u1eabn t\u1eadp s\u1ef1 h\u00e0nh ngh\u1ec1 Lu\u1eadt s\u01b0 c\u1ee7a C\u00f4ng ty.<\/p>\n<p>\u2013 \u0110\u01b0\u1ee3c l\u00e0m vi\u1ec7c trong m\u00f4i tr\u01b0\u1eddng chuy\u00ean nghi\u1ec7p, n\u0103ng \u0111\u1ed9ng, th\u00e2n thi\u1ec7n.<\/p>\n<p>\u2013 H\u01b0\u1edfng ph\u1ee5 c\u1ea5p t\u00f9y theo c\u00f4ng vi\u1ec7c \u0111\u01b0\u1ee3c ph\u00e2n c\u00f4ng v\u00e0 k\u1ebft qu\u1ea3 gi\u1ea3i quy\u1ebft c\u00f4ng vi\u1ec7c.<\/p>\n<p>Y\u00caU C\u1ea6U<\/p>\n<p>\u2013 Sinh vi\u00ean n\u0103m 3, n\u0103m 4 khoa Lu\u1eadt c\u00e1c Tr\u01b0\u1eddng: \u0110H Lu\u1eadt Tp. HCM, \u0110H Kinh t\u1ebf \u2013 Lu\u1eadt, Khoa lu\u1eadt \u2013 \u0110H T\u00f4n \u0110\u1ee9c Th\u1eafng, Khoa lu\u1eadt \u2013 \u0110H S\u00e0i G\u00f2n,\u2026<\/p>\n<p>\u2013 C\u00f3 h\u1ecdc l\u1ef1c t\u1eeb Trung b\u00ecnh \u2013 Kh\u00e1 tr\u1edf l\u00ean.<\/p>\n<p>\u2013 C\u00f3 m\u00e1y t\u00ednh v\u00e0 ph\u01b0\u01a1ng ti\u1ec7n \u0111i l\u1ea1i.<\/p>\n<p>\u2013 Ch\u1ecbu kh\u00f3, trung th\u1ef1c, n\u0103ng \u0111\u1ed9ng, t\u1ef1 tin trong giao ti\u1ebfp.<\/p>\n<p>\u2013 C\u00f3 tinh th\u1ea7n tr\u00e1ch nhi\u1ec7m trong c\u00f4ng vi\u1ec7c.<\/p>\n<p>\u2013 C\u00f3 \u0111\u1ecbnh h\u01b0\u1edbng ngh\u1ec1 nghi\u1ec7p Lu\u1eadt s\u01b0.<\/p>\n<p>\u2013 C\u00f3 kh\u1ea3 n\u0103ng vi\u1ebft v\u00e0 t\u01b0 duy ph\u00e1p l\u00fd t\u1ed1t.<\/p>\n<p>H\u1ed2 S\u01a0<\/p>\n<p>Th\u01b0 \u1ee9ng tuy\u1ec3n Th\u1ef1c t\u1eadp sinh (n\u00eau r\u00f5 k\u1ebf ho\u1ea1ch h\u00e0nh \u0111\u1ed9ng v\u00e0 m\u1ee5c ti\u00eau ph\u1ea5n \u0111\u1ea5u trong 02 n\u0103m t\u1edbi).<br \/>\nS\u01a1 y\u1ebfu l\u00fd l\u1ecbch c\u00f3 d\u00e1n \u1ea3nh (CV).<br \/>\nCMND, h\u1ed9 kh\u1ea9u (photo).<br \/>\nTh\u1ebb Sinh vi\u00ean v\u00e0 b\u1ea3ng \u0111i\u1ec3m.<br \/>\nB\u1eb1ng c\u1ea5p v\u00e0 c\u00e1c ch\u1ee9ng ch\u1ec9 kh\u00e1c (n\u1ebfu c\u00f3).<\/p>\n","protected":false},"excerpt":{"rendered":"<p>\u0110\u1ecaA \u0110I\u1ec2M: T\u1ea7ng 3, T\u00f2a nh\u00e0 WMC, [&hellip;]<\/p>\n","protected":false},"author":1,"featured_media":154,"parent":0,"menu_order":0,"comment_status":"closed","ping_status":"closed","template":"tpl-careers\/tpl-careers.php","meta":{"footnotes":""},"class_list":["post-607","page","type-page","status-publish","has-post-thumbnail","hentry"],"_links":{"self":[{"href":"https:\/\/www.mtpartners.vn\/zh-hans\/wp-json\/wp\/v2\/pages\/607","targetHints":{"allow":["GET"]}}],"collection":[{"href":"https:\/\/www.mtpartners.vn\/zh-hans\/wp-json\/wp\/v2\/pages"}],"about":[{"href":"https:\/\/www.mtpartners.vn\/zh-hans\/wp-json\/wp\/v2\/types\/page"}],"author":[{"embeddable":true,"href":"https:\/\/www.mtpartners.vn\/zh-hans\/wp-json\/wp\/v2\/users\/1"}],"replies":[{"embeddable":true,"href":"https:\/\/www.mtpartners.vn\/zh-hans\/wp-json\/wp\/v2\/comments?post=607"}],"version-history":[{"count":3,"href":"https:\/\/www.mtpartners.vn\/zh-hans\/wp-json\/wp\/v2\/pages\/607\/revisions"}],"predecessor-version":[{"id":651,"href":"https:\/\/www.mtpartners.vn\/zh-hans\/wp-json\/wp\/v2\/pages\/607\/revisions\/651"}],"wp:featuredmedia":[{"embeddable":true,"href":"https:\/\/www.mtpartners.vn\/zh-hans\/wp-json\/wp\/v2\/media\/154"}],"wp:attachment":[{"href":"https:\/\/www.mtpartners.vn\/zh-hans\/wp-json\/wp\/v2\/media?parent=607"}],"curies":[{"name":"wp","href":"https:\/\/api.w.org\/{rel}","templated":true}]}}